{"id":9091,"date":"2020-11-13T12:51:27","date_gmt":"2020-11-13T09:51:27","guid":{"rendered":"http:\/\/akdenizolaygazetesi.com\/?page_id=9091"},"modified":"2026-05-01T00:00:22","modified_gmt":"2026-04-30T21:00:22","slug":"kunye","status":"publish","type":"page","link":"https:\/\/mersinkadingazetesi.com\/?page_id=9091","title":{"rendered":"K\u00fcnye"},"content":{"rendered":"<p>\u0130mtiyaz Sahibi:<\/p>\n<p>Mersin Gazetecilik Yay\u0131nc\u0131l\u0131k San. Tic. Ltd. \u015eti.<br \/>\nAd\u0131na<br \/>\nSelahiddin AKKU\u015e<br \/>\ninfo@mersinkadingazetesi.com<br \/>\nakkuszeliha@hotmail.com<br \/>\nYay\u0131n Tarihi: 01.01.2005<br \/>\nYAZI \u0130\u015eLER\u0130 M\u00dcD\u00dcR\u00dc<br \/>\nZEL\u0130HA AKKU\u015e<br \/>\nwww.mersinkadingazetesi.com<\/p>\n<p>UETS \u2013 E-TEBL\u0130GAT ADRES\u0130: 15995 \u2013 99387 \u2013 40843<br \/>\nADRES<br \/>\nBah\u00e7e Mh. 4602 Sok. No:7 Hamle Apt. 3\/15 Akdeniz \/ MERS\u0130N<br \/>\nALTYAPI<br \/>\n\u00dcnvan<br \/>\n\u00c7izgi Telekom\u00fcnikasyon A.\u015e.<br \/>\nTicaret Sicil No<br \/>\n421249-0<br \/>\nYer Sa\u011flay\u0131c\u0131 No<br \/>\nYS-(16)<\/p>\n<div dir=\"auto\"><\/div>\n","protected":false},"excerpt":{"rendered":"<p>\u0130mtiyaz Sahibi: Mersin Gazetecilik Yay\u0131nc\u0131l\u0131k San. Tic. Ltd. \u015eti. Ad\u0131na Selahiddin AKKU\u015e info@mersinkadingazetesi.com akkuszeliha@hotmail.com Yay\u0131n Tarihi: 01.01.2005 YAZI \u0130\u015eLER\u0130 M\u00dcD\u00dcR\u00dc ZEL\u0130HA AKKU\u015e www.mersinkadingazetesi.com UETS \u2013 E-TEBL\u0130GAT ADRES\u0130: 15995 \u2013 99387 \u2013 40843 ADRES Bah\u00e7e Mh. 4602 Sok. No:7 Hamle Apt. 3\/15 Akdeniz \/ MERS\u0130N ALTYAPI \u00dcnvan \u00c7izgi Telekom\u00fcnikasyon A.\u015e. Ticaret Sicil No 421249-0 Yer Sa\u011flay\u0131c\u0131 [&hellip;]<\/p>\n","protected":false},"author":1,"featured_media":0,"parent":0,"menu_order":0,"comment_status":"closed","ping_status":"closed","template":"","meta":{"footnotes":""},"class_list":["post-9091","page","type-page","status-publish","hentry"],"_links":{"self":[{"href":"https:\/\/mersinkadingazetesi.com\/index.php?rest_route=\/wp\/v2\/pages\/9091"}],"collection":[{"href":"https:\/\/mersinkadingazetesi.com\/index.php?rest_route=\/wp\/v2\/pages"}],"about":[{"href":"https:\/\/mersinkadingazetesi.com\/index.php?rest_route=\/wp\/v2\/types\/page"}],"author":[{"embeddable":true,"href":"https:\/\/mersinkadingazetesi.com\/index.php?rest_route=\/wp\/v2\/users\/1"}],"replies":[{"embeddable":true,"href":"https:\/\/mersinkadingazetesi.com\/index.php?rest_route=%2Fwp%2Fv2%2Fcomments&post=9091"}],"version-history":[{"count":2,"href":"https:\/\/mersinkadingazetesi.com\/index.php?rest_route=\/wp\/v2\/pages\/9091\/revisions"}],"predecessor-version":[{"id":52539,"href":"https:\/\/mersinkadingazetesi.com\/index.php?rest_route=\/wp\/v2\/pages\/9091\/revisions\/52539"}],"wp:attachment":[{"href":"https:\/\/mersinkadingazetesi.com\/index.php?rest_route=%2Fwp%2Fv2%2Fmedia&parent=9091"}],"curies":[{"name":"wp","href":"https:\/\/api.w.org\/{rel}","templated":true}]}}